{"id":87,"date":"2025-02-14T11:46:08","date_gmt":"2025-02-14T11:46:08","guid":{"rendered":"https:\/\/ahi.maynoothuniversity.ie\/intersectional-humanities\/?page_id=87"},"modified":"2025-02-26T12:36:06","modified_gmt":"2025-02-26T12:36:06","slug":"research","status":"publish","type":"page","link":"https:\/\/ahi.maynoothuniversity.ie\/intersectional-humanities\/research\/","title":{"rendered":"Research"},"content":{"rendered":"\n<div class=\"wp-block-cover is-light full-width-banner\"><span aria-hidden=\"true\" class=\"wp-block-cover__background has-background-dim\" style=\"background-color:#d18371\"><\/span><img loading=\"lazy\" decoding=\"async\" width=\"1200\" height=\"959\" class=\"wp-block-cover__image-background wp-image-98\" alt=\"\" src=\"https:\/\/ahi.maynoothuniversity.ie\/intersectional-humanities\/wp-content\/uploads\/2025\/02\/research.jpg\" data-object-fit=\"cover\" srcset=\"https:\/\/ahi.maynoothuniversity.ie\/intersectional-humanities\/wp-content\/uploads\/2025\/02\/research.jpg 1200w, https:\/\/ahi.maynoothuniversity.ie\/intersectional-humanities\/wp-content\/uploads\/2025\/02\/research-300x240.jpg 300w, https:\/\/ahi.maynoothuniversity.ie\/intersectional-humanities\/wp-content\/uploads\/2025\/02\/research-1024x818.jpg 1024w, https:\/\/ahi.maynoothuniversity.ie\/intersectional-humanities\/wp-content\/uploads\/2025\/02\/research-768x614.jpg 768w, https:\/\/ahi.maynoothuniversity.ie\/intersectional-humanities\/wp-content\/uploads\/2025\/02\/research-200x160.jpg 200w\" sizes=\"auto, (max-width: 1200px) 100vw, 1200px\" \/><div class=\"wp-block-cover__inner-container is-layout-constrained wp-block-cover-is-layout-constrained\">\n<p class=\"has-text-align-center has-theme-palette-9-color has-text-color has-link-color has-large-font-size wp-elements-beacd6c1b97c0ec5e49fb423b5d1c180\">Research<\/p>\n\n\n\n<div class=\"wp-block-group page-image-caption-row is-nowrap is-layout-flex wp-container-core-group-is-layout-ad2f72ca wp-block-group-is-layout-flex\">\n<p class=\"has-theme-palette-9-color has-text-color has-link-color wp-elements-2f7b3982761144be882fa16927a6a3be wp-container-content-9cfa9a5a\">&#8220;Close-Up of the Human Eye &#8211; Primer plano del ojo humano&#8221;.<br>By Hugo Quintero.<br>Licensed under <a href=\"https:\/\/creativecommons.org\/licenses\/by\/2.0\/?ref=openverse\" target=\"_blank\" rel=\"noreferrer noopener\">CC BY 2.0<\/a>.<\/p>\n<\/div>\n<\/div><\/div>\n\n\n\n<p><\/p>\n\n\n\n<p><strong>Anna Hickey Moody\u2019s project <em><a href=\"https:\/\/www.youthreligionsexuality.com\/about\">Youth, Religion and Sexuality<\/a> <\/em><\/strong>research&nbsp;project explores race, culture, ethnicity, religion, gender and sexuality in the lives of religious people. Also<em> <\/em>Anna Hickey Moody\u2019s<strong><em> <a href=\"https:\/\/www.manchesterhive.com\/display\/9781526165251\/9781526165251.00006.xml\">Faith Stories<\/a><\/em><\/strong>&nbsp;is available <a href=\"https:\/\/www.manchesterhive.com\/display\/9781526165251\/9781526165251.xml?rskey=S3uTsb&amp;result=1\">open access here<\/a><br><br><strong>Anne O&#8217; Brien<\/strong> in a collaboration with the Federation of Irish Sport and funded by <strong><a href=\"https:\/\/www.sportireland.ie\/\">Sport Ireland<\/a><\/strong> examines how gendered sports content in media is produced by Irish journalists and how those practices might be changed. <strong><a href=\"https:\/\/ahi.maynoothuniversity.ie\/intersectional-humanities\/wp-content\/uploads\/\/2025\/02\/GenderSportMediaReport.pdf\">Take a look at the report here provided as a pdf <\/a><\/strong><\/p>\n\n\n\n<p><strong>Catherine Gander<\/strong>\u00a0led\u00a0the IRC-funded project, <strong><a href=\"https:\/\/www.maynoothuniversity.ie\/DIPoetryCritics\">Diversifying Irish Poetry (DIP)<\/a><\/strong>. DIP&#8217;s strategic partner was <a href=\"https:\/\/eur02.safelinks.protection.outlook.com\/?url=https%3A%2F%2Fwww.poetryireland.ie%2F&amp;data=05%7C02%7Cjeneen.naji%40mu.ie%7C794f257321a440db6a5e08dd55c8bfd9%7C1454f5ccbb354685bbd98621fd8055c9%7C0%7C0%7C638761042872096701%7CUnknown%7CTWFpbGZsb3d8eyJFbXB0eU1hcGkiOnRydWUsIlYiOiIwLjAuMDAwMCIsIlAiOiJXaW4zMiIsIkFOIjoiTWFpbCIsIldUIjoyfQ%3D%3D%7C0%7C%7C%7C&amp;sdata=7lvZTfbv8b1WQjpsslbMe37dOwjplhMp%2BsPhfiNK9fQ%3D&amp;reserved=0\" target=\"_blank\" rel=\"noreferrer noopener\">Poetry Ireland<\/a>. DIP established a sustainable mentorship programme in Ireland for poetry critics from under-represented, minority ethnic groups whose access to critical culture is hindered by structural racism and migration.\u00a0DIP made real, measurable, positive change to Ireland&#8217;s reviewing culture and broader literary landscape by 1) introducing and augmenting the voices of poetry critics of colour across multiple reviewing and related platforms, and 2) augmenting a culture of accountability and awareness in literary publishing, particularly in the region of reviewing cultures, by taking steps to ensure such platforms practise fairness and equity in commissioning and accepting poetry reviews.\u00a0 Please find more information here <a href=\"https:\/\/eur02.safelinks.protection.outlook.com\/?url=https%3A%2F%2Fwww.maynoothuniversity.ie%2FDIPoetryCritics&amp;data=05%7C02%7Cjeneen.naji%40mu.ie%7C794f257321a440db6a5e08dd55c8bfd9%7C1454f5ccbb354685bbd98621fd8055c9%7C0%7C0%7C638761042872109180%7CUnknown%7CTWFpbGZsb3d8eyJFbXB0eU1hcGkiOnRydWUsIlYiOiIwLjAuMDAwMCIsIlAiOiJXaW4zMiIsIkFOIjoiTWFpbCIsIldUIjoyfQ%3D%3D%7C0%7C%7C%7C&amp;sdata=Gsfwud1KAErNTVqWrc%2FcmeelNhRRkwP4Vt3wulC%2Fy7g%3D&amp;reserved=0\" target=\"_blank\" rel=\"noreferrer noopener\">https:\/\/www.maynoothuniversity.ie\/DIPoetryCritics<\/a>\u00a0and here: <a href=\"https:\/\/eur02.safelinks.protection.outlook.com\/?url=https%3A%2F%2Fwww.poetryireland.ie%2Fnews%2Flaunch-of-diversifying-irish-poetry-poetry-critics-of-colour-in-ireland&amp;data=05%7C02%7Cjeneen.naji%40mu.ie%7C794f257321a440db6a5e08dd55c8bfd9%7C1454f5ccbb354685bbd98621fd8055c9%7C0%7C0%7C638761042872121511%7CUnknown%7CTWFpbGZsb3d8eyJFbXB0eU1hcGkiOnRydWUsIlYiOiIwLjAuMDAwMCIsIlAiOiJXaW4zMiIsIkFOIjoiTWFpbCIsIldUIjoyfQ%3D%3D%7C0%7C%7C%7C&amp;sdata=mwdkRPs6r0ALdWhjMLeIee7xoBWSTlzklKUW6236G%2B0%3D&amp;reserved=0\" target=\"_blank\" rel=\"noreferrer noopener\">https:\/\/www.poetryireland.ie\/news\/launch-of-diversifying-irish-poetry-poetry-critics-of-colour-in-ireland<\/a><\/p>\n\n\n\n<p><strong>Gavan Titley <\/strong>is a Co-Investigator on the ERC funded <strong><a href=\"https:\/\/theresistproject.eu\/\">Resist Project<\/a>,<\/strong> which examines the formation of \u2018anti-gender\u2019 politics in Europe, its impacts, and how it is being resisted. Listen to this podcast in which Gavan discusses ideas from his book Is Free Speech Racist? as a basis to think about the politics of free speech today <a href=\"https:\/\/eur02.safelinks.protection.outlook.com\/?url=https%3A%2F%2Ftortoiseshack.ie%2F5-gavan-titley-on-free-speech%2F&amp;data=05%7C02%7Cjeneen.naji%40mu.ie%7C13cde0cfa86c45add97f08dd40a0ca22%7C1454f5ccbb354685bbd98621fd8055c9%7C0%7C0%7C638737781510173043%7CUnknown%7CTWFpbGZsb3d8eyJFbXB0eU1hcGkiOnRydWUsIlYiOiIwLjAuMDAwMCIsIlAiOiJXaW4zMiIsIkFOIjoiTWFpbCIsIldUIjoyfQ%3D%3D%7C0%7C%7C%7C&amp;sdata=hKkx3wjJW9m0ZZrL3ASgdZvbVYM9qju0qnUCd34pDuo%3D&amp;reserved=0\" target=\"_blank\" rel=\"noreferrer noopener\">https:\/\/tortoiseshack.ie\/5-gavan-titley-on-free-speech\/<\/a><\/p>\n\n\n\n<p><strong>Jeneen Naji <\/strong>was Co-PI on the recently completed IRC-AHRC collaborative UK-Ireland research project <strong><a href=\"https:\/\/fullstackfeminismdh.pubpub.org\/\" target=\"_blank\" rel=\"noreferrer noopener\">Full Stack Feminism in Digital Humanities<\/a><\/strong> that was concerned with embedding intersection feminist methodologies in digital development, toolkit and resources available here <a href=\"https:\/\/fullstackfeminismdh.pubpub.org\/\">https:\/\/fullstackfeminismdh.pubpub.org\/<\/a> \u00a0and here is Article on recent interview collection published in the DRI <a href=\"https:\/\/dri.ie\/news\/new-collection-full-stack-feminism\/\">https:\/\/dri.ie\/news\/new-collection-full-stack-feminism\/<\/a><\/p>\n\n\n\n<p><strong>Jennifer Redmond is <\/strong>a member of the <a href=\"https:\/\/www.maynoothuniversity.ie\/motherhood-project\"><strong>Motherhood Project <\/strong><\/a>which is leading the way in examining cultural representations of motherhood and the way that mothers are depicted in popular culture, film, literature and the media. Jennifer Redmond is also Chair of the COST Action <strong><a href=\"https:\/\/www.cost.eu\/actions\/CA21120\/\">HIDDEN<\/a><\/strong>. <strong><a href=\"https:\/\/www.cost.eu\/actions\/CA21120\/\">The History of Identity Documentation in European Nations (HIDDEN) network<\/a><\/strong>\u00a0unites scholars in history, migration studies, geography, sociology, law, linguistics, postcolonial studies, human rights and more to look at the history of ID regimes in Europe and beyond, drawing connections between the past and present. In the context of UN Sustainable Development Goal 16.9 that everyone should have a legal identity by 2030, and the rise of new forms of biometric digital ID, such as the Covid-19 vaccination certificates. More details on activities can be found here: <a href=\"https:\/\/eur02.safelinks.protection.outlook.com\/?url=https%3A%2F%2Fhidden-costaction.eu%2F&amp;data=05%7C02%7Cjeneen.naji%40mu.ie%7C8a7f3523db4f4f5ebc3c08dd36e54f6b%7C1454f5ccbb354685bbd98621fd8055c9%7C0%7C0%7C638727080714939070%7CUnknown%7CTWFpbGZsb3d8eyJFbXB0eU1hcGkiOnRydWUsIlYiOiIwLjAuMDAwMCIsIlAiOiJXaW4zMiIsIkFOIjoiTWFpbCIsIldUIjoyfQ%3D%3D%7C0%7C%7C%7C&amp;sdata=pFsmGTJ5pSY1BUJi19uXp%2B6noRaI9S%2FE6b8FwtxkEo4%3D&amp;reserved=0\" target=\"_blank\" rel=\"noreferrer noopener\">https:\/\/hidden-costaction.eu\/<\/a> Also you can read Jennifer Redmond&#8217;s book <strong>latest book: <\/strong><em><a href=\"https:\/\/eur02.safelinks.protection.outlook.com\/?url=https%3A%2F%2Fwww.fourcourtspress.ie%2Fbooks%2F2024%2Fthe-politics-of-gender-and-sexuality-in-modern-ireland&amp;data=05%7C02%7Cjeneen.naji%40mu.ie%7Cf3e6f90f264e4218e01f08dd55bdf0b3%7C1454f5ccbb354685bbd98621fd8055c9%7C0%7C0%7C638760996445060237%7CUnknown%7CTWFpbGZsb3d8eyJFbXB0eU1hcGkiOnRydWUsIlYiOiIwLjAuMDAwMCIsIlAiOiJXaW4zMiIsIkFOIjoiTWFpbCIsIldUIjoyfQ%3D%3D%7C0%7C%7C%7C&amp;sdata=IkfzFHSfQyNFTNfhlr8VZQVQcBArcBoryH6JU73bZ9o%3D&amp;reserved=0\" target=\"_blank\" rel=\"noreferrer noopener\"><strong>The politics of gender and sexuality in modern Ireland: A Reader<\/strong><\/a><\/em> Jennifer Redmond &amp; Mary McAuliffe, editors<\/p>\n\n\n\n<p><strong>Liam MacAmhlaigh\u2019s <\/strong>project entitled<strong>&nbsp;<a href=\"https:\/\/portraidi.ie\/\">Portr\u00e1id\u00ed na Scr\u00edbhneoir\u00ed Gaeilge <em>Portraits of Irish-Language Writers<\/em><\/a><\/strong> is a living collection of portraits that celebrate the Irish-language writer, based on the pioneering work of <a href=\"https:\/\/eur02.safelinks.protection.outlook.com\/?url=https%3A%2F%2Fportraidi.ie%2Fen%2Fphotographers%2Fmaire-ui-mhaicin%2F&amp;data=05%7C02%7Cjeneen.naji%40mu.ie%7C49b6d8cb6a3743de4d0508dd460c6d02%7C1454f5ccbb354685bbd98621fd8055c9%7C0%7C0%7C638743741370839264%7CUnknown%7CTWFpbGZsb3d8eyJFbXB0eU1hcGkiOnRydWUsIlYiOiIwLjAuMDAwMCIsIlAiOiJXaW4zMiIsIkFOIjoiTWFpbCIsIldUIjoyfQ%3D%3D%7C0%7C%7C%7C&amp;sdata=UL1FFfXaAAQ%2BReBYHMlPDTvbNUXGcy70wg6ava9rxHQ%3D&amp;reserved=0\" target=\"_blank\" rel=\"noreferrer noopener\">M\u00e1ire U\u00ed Mhaic\u00edn<\/a>. There are 190 writers in the current archive; added to annually.&nbsp; This curated collection shares a new lens for biographical research celebrating the humanity of all types of contemporary writers, and all genres of writing within the Irish-language. You can watch this video vignette: <a href=\"https:\/\/eur02.safelinks.protection.outlook.com\/?url=https%3A%2F%2Fwww.youtube.com%2Fwatch%3Fv%3D77rZrjxQjT0&amp;data=05%7C02%7Cjeneen.naji%40mu.ie%7C49b6d8cb6a3743de4d0508dd460c6d02%7C1454f5ccbb354685bbd98621fd8055c9%7C0%7C0%7C638743741370860687%7CUnknown%7CTWFpbGZsb3d8eyJFbXB0eU1hcGkiOnRydWUsIlYiOiIwLjAuMDAwMCIsIlAiOiJXaW4zMiIsIkFOIjoiTWFpbCIsIldUIjoyfQ%3D%3D%7C0%7C%7C%7C&amp;sdata=Ia1EKmg9Jd%2BZEI9jxWlZmHumABdSQJHnytndF%2FF8TRw%3D&amp;reserved=0\" target=\"_blank\" rel=\"noreferrer noopener\">https:\/\/www.youtube.com\/watch?v=77rZrjxQjT0<\/a><\/p>\n\n\n\n<p><strong>Patricia Kennon<\/strong> is editor of a special issue of <em><a href=\"https:\/\/www-tandfonline-com.may.idm.oclc.org\/journals\/cisr20\" target=\"_blank\" rel=\"noreferrer noopener\"><strong>Irish Studies Review<\/strong><\/a><\/em>\u00a0on representation, race, and ethnicity in Irish children\u2019s and young-adult literature (May 2025). This will be the first-ever full-length scholarly publication on this area and will constitute a pioneering contribution to this under-researched and under-theorised area in Irish Studies, Irish youth-literature studies, and inclusive publishing. Also you can read Patricia Kennon&#8217;s Journal article: <a href=\"https:\/\/ijyal.ac.uk\/articles\/10.24877\/IJYAL.41\" target=\"_blank\" rel=\"noreferrer noopener\"><strong>\u2018Asexuality and the Potential of Young Adult Literature for Disrupting Allonormativity\u2019<\/strong><\/a>. Asexuality Studies is an emerging research field and this article makes an innovative contribution to understanding and knowledge regarding the intersection of age, queerness, and adolescence.<\/p>\n\n\n\n<p><strong>Rita Sakr<\/strong> is the MU Lead on the EU-funded multi-university (lead university, University of Malta) Cooperation Partnership in Higher Education programme \u2018Re-visiting the Mediterranean: Literature, Culture, Environment&#8217;, 2024-26. She was Senior Co-Investigator, with Prof Sinead McGilloway (Principal Investigator), on the QFI-funded research programme, <a href=\"https:\/\/cmhcr.eu\/salam\/\"><strong>SALaM-Ireland (2020-24) <\/strong><\/a><\/p>\n\n\n\n<p><\/p>\n","protected":false},"excerpt":{"rendered":"<p>Anna Hickey Moody\u2019s project Youth, Religion and Sexuality research&nbsp;project explores race, culture, ethnicity, religion, gender and sexuality in the lives of religious people. Also Anna Hickey Moody\u2019s Faith Stories&nbsp;is available open access here Anne O&#8217; Brien in a collaboration with the Federation of Irish Sport and funded by Sport Ireland examines how gendered sports content&#8230;<\/p>\n","protected":false},"author":1,"featured_media":0,"parent":0,"menu_order":0,"comment_status":"closed","ping_status":"closed","template":"","meta":{"_kad_post_transparent":"","_kad_post_title":"","_kad_post_layout":"","_kad_post_sidebar_id":"","_kad_post_content_style":"","_kad_post_vertical_padding":"","_kad_post_feature":"","_kad_post_feature_position":"","_kad_post_header":false,"_kad_post_footer":false,"_kad_post_classname":"","footnotes":""},"class_list":["post-87","page","type-page","status-publish","hentry"],"yoast_head":"<!-- This site is optimized with the Yoast SEO plugin v26.3 - https:\/\/yoast.com\/wordpress\/plugins\/seo\/ -->\n<title>Research - Intersectional Humanities<\/title>\n<meta name=\"robots\" content=\"index, follow, max-snippet:-1, max-image-preview:large, max-video-preview:-1\" \/>\n<link rel=\"canonical\" href=\"https:\/\/ahi.maynoothuniversity.ie\/intersectional-humanities\/research\/\" \/>\n<meta property=\"og:locale\" content=\"en_GB\" \/>\n<meta property=\"og:type\" content=\"article\" \/>\n<meta property=\"og:title\" content=\"Research - Intersectional Humanities\" \/>\n<meta property=\"og:description\" content=\"Anna Hickey Moody\u2019s project Youth, Religion and Sexuality research&nbsp;project explores race, culture, ethnicity, religion, gender and sexuality in the lives of religious people. Also Anna Hickey Moody\u2019s Faith Stories&nbsp;is available open access here Anne O&#8217; Brien in a collaboration with the Federation of Irish Sport and funded by Sport Ireland examines how gendered sports content...\" \/>\n<meta property=\"og:url\" content=\"https:\/\/ahi.maynoothuniversity.ie\/intersectional-humanities\/research\/\" \/>\n<meta property=\"og:site_name\" content=\"Intersectional Humanities\" \/>\n<meta property=\"article:modified_time\" content=\"2025-02-26T12:36:06+00:00\" \/>\n<meta property=\"og:image\" content=\"https:\/\/ahi.maynoothuniversity.ie\/intersectional-humanities\/wp-content\/uploads\/2025\/02\/research.jpg\" \/>\n\t<meta property=\"og:image:width\" content=\"1200\" \/>\n\t<meta property=\"og:image:height\" content=\"959\" \/>\n\t<meta property=\"og:image:type\" content=\"image\/jpeg\" \/>\n<meta name=\"twitter:card\" content=\"summary_large_image\" \/>\n<meta name=\"twitter:label1\" content=\"Estimated reading time\" \/>\n\t<meta name=\"twitter:data1\" content=\"4 minutes\" \/>\n<script type=\"application\/ld+json\" class=\"yoast-schema-graph\">{\"@context\":\"https:\/\/schema.org\",\"@graph\":[{\"@type\":\"WebPage\",\"@id\":\"https:\/\/ahi.maynoothuniversity.ie\/intersectional-humanities\/research\/\",\"url\":\"https:\/\/ahi.maynoothuniversity.ie\/intersectional-humanities\/research\/\",\"name\":\"Research - Intersectional Humanities\",\"isPartOf\":{\"@id\":\"https:\/\/ahi.maynoothuniversity.ie\/intersectional-humanities\/#website\"},\"primaryImageOfPage\":{\"@id\":\"https:\/\/ahi.maynoothuniversity.ie\/intersectional-humanities\/research\/#primaryimage\"},\"image\":{\"@id\":\"https:\/\/ahi.maynoothuniversity.ie\/intersectional-humanities\/research\/#primaryimage\"},\"thumbnailUrl\":\"https:\/\/ahi.maynoothuniversity.ie\/intersectional-humanities\/wp-content\/uploads\/2025\/02\/research.jpg\",\"datePublished\":\"2025-02-14T11:46:08+00:00\",\"dateModified\":\"2025-02-26T12:36:06+00:00\",\"breadcrumb\":{\"@id\":\"https:\/\/ahi.maynoothuniversity.ie\/intersectional-humanities\/research\/#breadcrumb\"},\"inLanguage\":\"en-GB\",\"potentialAction\":[{\"@type\":\"ReadAction\",\"target\":[\"https:\/\/ahi.maynoothuniversity.ie\/intersectional-humanities\/research\/\"]}]},{\"@type\":\"ImageObject\",\"inLanguage\":\"en-GB\",\"@id\":\"https:\/\/ahi.maynoothuniversity.ie\/intersectional-humanities\/research\/#primaryimage\",\"url\":\"https:\/\/ahi.maynoothuniversity.ie\/intersectional-humanities\/wp-content\/uploads\/2025\/02\/research.jpg\",\"contentUrl\":\"https:\/\/ahi.maynoothuniversity.ie\/intersectional-humanities\/wp-content\/uploads\/2025\/02\/research.jpg\",\"width\":1200,\"height\":959},{\"@type\":\"BreadcrumbList\",\"@id\":\"https:\/\/ahi.maynoothuniversity.ie\/intersectional-humanities\/research\/#breadcrumb\",\"itemListElement\":[{\"@type\":\"ListItem\",\"position\":1,\"name\":\"Home\",\"item\":\"https:\/\/ahi.maynoothuniversity.ie\/intersectional-humanities\/\"},{\"@type\":\"ListItem\",\"position\":2,\"name\":\"Research\"}]},{\"@type\":\"WebSite\",\"@id\":\"https:\/\/ahi.maynoothuniversity.ie\/intersectional-humanities\/#website\",\"url\":\"https:\/\/ahi.maynoothuniversity.ie\/intersectional-humanities\/\",\"name\":\"Intersectional Humanities\",\"description\":\"\",\"publisher\":{\"@id\":\"https:\/\/ahi.maynoothuniversity.ie\/intersectional-humanities\/#organization\"},\"potentialAction\":[{\"@type\":\"SearchAction\",\"target\":{\"@type\":\"EntryPoint\",\"urlTemplate\":\"https:\/\/ahi.maynoothuniversity.ie\/intersectional-humanities\/?s={search_term_string}\"},\"query-input\":{\"@type\":\"PropertyValueSpecification\",\"valueRequired\":true,\"valueName\":\"search_term_string\"}}],\"inLanguage\":\"en-GB\"},{\"@type\":\"Organization\",\"@id\":\"https:\/\/ahi.maynoothuniversity.ie\/intersectional-humanities\/#organization\",\"name\":\"Intersectional Humanities\",\"url\":\"https:\/\/ahi.maynoothuniversity.ie\/intersectional-humanities\/\",\"logo\":{\"@type\":\"ImageObject\",\"inLanguage\":\"en-GB\",\"@id\":\"https:\/\/ahi.maynoothuniversity.ie\/intersectional-humanities\/#\/schema\/logo\/image\/\",\"url\":\"https:\/\/ahi.maynoothuniversity.ie\/intersectional-humanities\/wp-content\/uploads\/2025\/02\/logo-full.png\",\"contentUrl\":\"https:\/\/ahi.maynoothuniversity.ie\/intersectional-humanities\/wp-content\/uploads\/2025\/02\/logo-full.png\",\"width\":736,\"height\":80,\"caption\":\"Intersectional Humanities\"},\"image\":{\"@id\":\"https:\/\/ahi.maynoothuniversity.ie\/intersectional-humanities\/#\/schema\/logo\/image\/\"}}]}<\/script>\n<!-- \/ Yoast SEO plugin. -->","yoast_head_json":{"title":"Research - Intersectional Humanities","robots":{"index":"index","follow":"follow","max-snippet":"max-snippet:-1","max-image-preview":"max-image-preview:large","max-video-preview":"max-video-preview:-1"},"canonical":"https:\/\/ahi.maynoothuniversity.ie\/intersectional-humanities\/research\/","og_locale":"en_GB","og_type":"article","og_title":"Research - Intersectional Humanities","og_description":"Anna Hickey Moody\u2019s project Youth, Religion and Sexuality research&nbsp;project explores race, culture, ethnicity, religion, gender and sexuality in the lives of religious people. Also Anna Hickey Moody\u2019s Faith Stories&nbsp;is available open access here Anne O&#8217; Brien in a collaboration with the Federation of Irish Sport and funded by Sport Ireland examines how gendered sports content...","og_url":"https:\/\/ahi.maynoothuniversity.ie\/intersectional-humanities\/research\/","og_site_name":"Intersectional Humanities","article_modified_time":"2025-02-26T12:36:06+00:00","og_image":[{"width":1200,"height":959,"url":"https:\/\/ahi.maynoothuniversity.ie\/intersectional-humanities\/wp-content\/uploads\/2025\/02\/research.jpg","type":"image\/jpeg"}],"twitter_card":"summary_large_image","twitter_misc":{"Estimated reading time":"4 minutes"},"schema":{"@context":"https:\/\/schema.org","@graph":[{"@type":"WebPage","@id":"https:\/\/ahi.maynoothuniversity.ie\/intersectional-humanities\/research\/","url":"https:\/\/ahi.maynoothuniversity.ie\/intersectional-humanities\/research\/","name":"Research - Intersectional Humanities","isPartOf":{"@id":"https:\/\/ahi.maynoothuniversity.ie\/intersectional-humanities\/#website"},"primaryImageOfPage":{"@id":"https:\/\/ahi.maynoothuniversity.ie\/intersectional-humanities\/research\/#primaryimage"},"image":{"@id":"https:\/\/ahi.maynoothuniversity.ie\/intersectional-humanities\/research\/#primaryimage"},"thumbnailUrl":"https:\/\/ahi.maynoothuniversity.ie\/intersectional-humanities\/wp-content\/uploads\/2025\/02\/research.jpg","datePublished":"2025-02-14T11:46:08+00:00","dateModified":"2025-02-26T12:36:06+00:00","breadcrumb":{"@id":"https:\/\/ahi.maynoothuniversity.ie\/intersectional-humanities\/research\/#breadcrumb"},"inLanguage":"en-GB","potentialAction":[{"@type":"ReadAction","target":["https:\/\/ahi.maynoothuniversity.ie\/intersectional-humanities\/research\/"]}]},{"@type":"ImageObject","inLanguage":"en-GB","@id":"https:\/\/ahi.maynoothuniversity.ie\/intersectional-humanities\/research\/#primaryimage","url":"https:\/\/ahi.maynoothuniversity.ie\/intersectional-humanities\/wp-content\/uploads\/2025\/02\/research.jpg","contentUrl":"https:\/\/ahi.maynoothuniversity.ie\/intersectional-humanities\/wp-content\/uploads\/2025\/02\/research.jpg","width":1200,"height":959},{"@type":"BreadcrumbList","@id":"https:\/\/ahi.maynoothuniversity.ie\/intersectional-humanities\/research\/#breadcrumb","itemListElement":[{"@type":"ListItem","position":1,"name":"Home","item":"https:\/\/ahi.maynoothuniversity.ie\/intersectional-humanities\/"},{"@type":"ListItem","position":2,"name":"Research"}]},{"@type":"WebSite","@id":"https:\/\/ahi.maynoothuniversity.ie\/intersectional-humanities\/#website","url":"https:\/\/ahi.maynoothuniversity.ie\/intersectional-humanities\/","name":"Intersectional Humanities","description":"","publisher":{"@id":"https:\/\/ahi.maynoothuniversity.ie\/intersectional-humanities\/#organization"},"potentialAction":[{"@type":"SearchAction","target":{"@type":"EntryPoint","urlTemplate":"https:\/\/ahi.maynoothuniversity.ie\/intersectional-humanities\/?s={search_term_string}"},"query-input":{"@type":"PropertyValueSpecification","valueRequired":true,"valueName":"search_term_string"}}],"inLanguage":"en-GB"},{"@type":"Organization","@id":"https:\/\/ahi.maynoothuniversity.ie\/intersectional-humanities\/#organization","name":"Intersectional Humanities","url":"https:\/\/ahi.maynoothuniversity.ie\/intersectional-humanities\/","logo":{"@type":"ImageObject","inLanguage":"en-GB","@id":"https:\/\/ahi.maynoothuniversity.ie\/intersectional-humanities\/#\/schema\/logo\/image\/","url":"https:\/\/ahi.maynoothuniversity.ie\/intersectional-humanities\/wp-content\/uploads\/2025\/02\/logo-full.png","contentUrl":"https:\/\/ahi.maynoothuniversity.ie\/intersectional-humanities\/wp-content\/uploads\/2025\/02\/logo-full.png","width":736,"height":80,"caption":"Intersectional Humanities"},"image":{"@id":"https:\/\/ahi.maynoothuniversity.ie\/intersectional-humanities\/#\/schema\/logo\/image\/"}}]}},"jetpack_sharing_enabled":true,"_links":{"self":[{"href":"https:\/\/ahi.maynoothuniversity.ie\/intersectional-humanities\/wp-json\/wp\/v2\/pages\/87","targetHints":{"allow":["GET"]}}],"collection":[{"href":"https:\/\/ahi.maynoothuniversity.ie\/intersectional-humanities\/wp-json\/wp\/v2\/pages"}],"about":[{"href":"https:\/\/ahi.maynoothuniversity.ie\/intersectional-humanities\/wp-json\/wp\/v2\/types\/page"}],"author":[{"embeddable":true,"href":"https:\/\/ahi.maynoothuniversity.ie\/intersectional-humanities\/wp-json\/wp\/v2\/users\/1"}],"replies":[{"embeddable":true,"href":"https:\/\/ahi.maynoothuniversity.ie\/intersectional-humanities\/wp-json\/wp\/v2\/comments?post=87"}],"version-history":[{"count":17,"href":"https:\/\/ahi.maynoothuniversity.ie\/intersectional-humanities\/wp-json\/wp\/v2\/pages\/87\/revisions"}],"predecessor-version":[{"id":380,"href":"https:\/\/ahi.maynoothuniversity.ie\/intersectional-humanities\/wp-json\/wp\/v2\/pages\/87\/revisions\/380"}],"wp:attachment":[{"href":"https:\/\/ahi.maynoothuniversity.ie\/intersectional-humanities\/wp-json\/wp\/v2\/media?parent=87"}],"curies":[{"name":"wp","href":"https:\/\/api.w.org\/{rel}","templated":true}]}}